{"id":478,"date":"2026-01-30T17:37:04","date_gmt":"2026-01-30T17:37:04","guid":{"rendered":"https:\/\/importadorarlb.cl\/?post_type=product&#038;p=478"},"modified":"2026-01-30T17:38:27","modified_gmt":"2026-01-30T17:38:27","slug":"secador-aire-breakmatic","status":"publish","type":"product","link":"https:\/\/importadorarlb.cl\/index.php\/producto\/secador-aire-breakmatic\/","title":{"rendered":"SECADOR AIRE BREAKMATIC"},"content":{"rendered":"<p data-start=\"241\" data-end=\"762\">Un <strong data-start=\"284\" data-end=\"303\">secador de aire<\/strong> es un <strong data-start=\"310\" data-end=\"393\">componente clave del sistema de aire comprimido en camiones y veh\u00edculos pesados<\/strong>, dise\u00f1ado para <strong data-start=\"409\" data-end=\"468\">eliminar la humedad y las impurezas del aire comprimido<\/strong> antes de que este llegue a los circuitos neum\u00e1ticos, especialmente los del <strong data-start=\"544\" data-end=\"565\">sistema de frenos<\/strong>. La humedad y contaminantes en el aire pueden causar <strong data-start=\"619\" data-end=\"692\">corrosi\u00f3n, congelamiento de l\u00edneas y fallos en v\u00e1lvulas y componentes<\/strong>, comprometiendo la seguridad y el rendimiento del sistema de frenos y otros actuadores neum\u00e1ticos.<\/p>\n","protected":false},"excerpt":{"rendered":"<p>MARCA FORD<\/p>\n","protected":false},"featured_media":445,"template":"","meta":{"site-sidebar-layout":"default","site-content-layout":"default","ast-main-header-display":"","ast-hfb-above-header-display":"","ast-hfb-mobile-header-display":"","site-post-title":"","ast-breadcrumbs-content":"","ast-featured-img":"","footer-sml-layout":"","theme-transparent-header-meta":"default","adv-header-id-meta":"","stick-header-meta":"","header-above-stick-meta":"","header-main-stick-meta":"","header-below-stick-meta":""},"product_cat":[32],"product_tag":[],"class_list":["post-478","product","type-product","status-publish","has-post-thumbnail","hentry","product_cat-aire"],"_links":{"self":[{"href":"https:\/\/importadorarlb.cl\/index.php\/wp-json\/wp\/v2\/product\/478","targetHints":{"allow":["GET"]}}],"collection":[{"href":"https:\/\/importadorarlb.cl\/index.php\/wp-json\/wp\/v2\/product"}],"about":[{"href":"https:\/\/importadorarlb.cl\/index.php\/wp-json\/wp\/v2\/types\/product"}],"wp:featuredmedia":[{"embeddable":true,"href":"https:\/\/importadorarlb.cl\/index.php\/wp-json\/wp\/v2\/media\/445"}],"wp:attachment":[{"href":"https:\/\/importadorarlb.cl\/index.php\/wp-json\/wp\/v2\/media?parent=478"}],"wp:term":[{"taxonomy":"product_cat","embeddable":true,"href":"https:\/\/importadorarlb.cl\/index.php\/wp-json\/wp\/v2\/product_cat?post=478"},{"taxonomy":"product_tag","embeddable":true,"href":"https:\/\/importadorarlb.cl\/index.php\/wp-json\/wp\/v2\/product_tag?post=478"}],"curies":[{"name":"wp","href":"https:\/\/api.w.org\/{rel}","templated":true}]}}