{"id":475,"date":"2026-01-30T17:32:52","date_gmt":"2026-01-30T17:32:52","guid":{"rendered":"https:\/\/importadorarlb.cl\/?post_type=product&#038;p=475"},"modified":"2026-01-30T17:34:15","modified_gmt":"2026-01-30T17:34:15","slug":"valvula-neutro-world-parts","status":"publish","type":"product","link":"https:\/\/importadorarlb.cl\/index.php\/producto\/valvula-neutro-world-parts\/","title":{"rendered":"VALVULA NEUTRO WORLD PARTS"},"content":{"rendered":"<p data-start=\"241\" data-end=\"762\">El <strong data-start=\"343\" data-end=\"399\">interruptor de neutro o \u201cv\u00e1lvula neutro\u201d World Parts<\/strong> es un <strong data-start=\"406\" data-end=\"457\">componente el\u00e9ctrico del sistema de transmisi\u00f3n<\/strong> dise\u00f1ado para <strong data-start=\"472\" data-end=\"562\">detectar y se\u00f1alizar cuando la caja de cambios est\u00e1 en posici\u00f3n neutral (punto muerto)<\/strong>. Esta pieza es esencial en veh\u00edculos con transmisi\u00f3n autom\u00e1tica o manual, ya que <strong data-start=\"644\" data-end=\"742\">ayuda a controlar funciones de seguridad y gesti\u00f3n del sistema de arranque y cambio de marchas<\/strong>.<\/p>\n","protected":false},"excerpt":{"rendered":"<p>MARCA FORD<\/p>\n","protected":false},"featured_media":445,"template":"","meta":{"site-sidebar-layout":"default","site-content-layout":"default","ast-main-header-display":"","ast-hfb-above-header-display":"","ast-hfb-mobile-header-display":"","site-post-title":"","ast-breadcrumbs-content":"","ast-featured-img":"","footer-sml-layout":"","theme-transparent-header-meta":"default","adv-header-id-meta":"","stick-header-meta":"","header-above-stick-meta":"","header-main-stick-meta":"","header-below-stick-meta":""},"product_cat":[29],"product_tag":[],"class_list":["post-475","product","type-product","status-publish","has-post-thumbnail","hentry","product_cat-caja-de-cambios"],"_links":{"self":[{"href":"https:\/\/importadorarlb.cl\/index.php\/wp-json\/wp\/v2\/product\/475","targetHints":{"allow":["GET"]}}],"collection":[{"href":"https:\/\/importadorarlb.cl\/index.php\/wp-json\/wp\/v2\/product"}],"about":[{"href":"https:\/\/importadorarlb.cl\/index.php\/wp-json\/wp\/v2\/types\/product"}],"wp:featuredmedia":[{"embeddable":true,"href":"https:\/\/importadorarlb.cl\/index.php\/wp-json\/wp\/v2\/media\/445"}],"wp:attachment":[{"href":"https:\/\/importadorarlb.cl\/index.php\/wp-json\/wp\/v2\/media?parent=475"}],"wp:term":[{"taxonomy":"product_cat","embeddable":true,"href":"https:\/\/importadorarlb.cl\/index.php\/wp-json\/wp\/v2\/product_cat?post=475"},{"taxonomy":"product_tag","embeddable":true,"href":"https:\/\/importadorarlb.cl\/index.php\/wp-json\/wp\/v2\/product_tag?post=475"}],"curies":[{"name":"wp","href":"https:\/\/api.w.org\/{rel}","templated":true}]}}