{"id":467,"date":"2026-01-30T17:21:16","date_gmt":"2026-01-30T17:21:16","guid":{"rendered":"https:\/\/importadorarlb.cl\/?post_type=product&#038;p=467"},"modified":"2026-01-30T17:22:17","modified_gmt":"2026-01-30T17:22:17","slug":"servoembrague-farj-breakmatic","status":"publish","type":"product","link":"https:\/\/importadorarlb.cl\/index.php\/producto\/servoembrague-farj-breakmatic\/","title":{"rendered":"SERVOEMBRAGUE FARJ-BREAKMATIC"},"content":{"rendered":"<p data-start=\"241\" data-end=\"762\">El <strong data-start=\"394\" data-end=\"429\">servoembrague Farj \u2013 Breakmatic<\/strong> es un <strong data-start=\"436\" data-end=\"616\">dispositivo hidr\u00e1ulico con asistencia neum\u00e1tica o el\u00e9ctrica dise\u00f1ado para gestionar la apertura y cierre del embrague en sistemas de transmisi\u00f3n de camiones y veh\u00edculos pesados<\/strong>, facilitando el accionamiento con <strong data-start=\"651\" data-end=\"694\">m\u00ednimo esfuerzo por parte del conductor<\/strong> y mejorando la respuesta y confort de manejo.<\/p>\n","protected":false},"excerpt":{"rendered":"<p>MARCA FORD<\/p>\n","protected":false},"featured_media":445,"template":"","meta":{"site-sidebar-layout":"default","site-content-layout":"default","ast-main-header-display":"","ast-hfb-above-header-display":"","ast-hfb-mobile-header-display":"","site-post-title":"","ast-breadcrumbs-content":"","ast-featured-img":"","footer-sml-layout":"","theme-transparent-header-meta":"default","adv-header-id-meta":"","stick-header-meta":"","header-above-stick-meta":"","header-main-stick-meta":"","header-below-stick-meta":""},"product_cat":[31],"product_tag":[],"class_list":["post-467","product","type-product","status-publish","has-post-thumbnail","hentry","product_cat-sistema-de-aire"],"_links":{"self":[{"href":"https:\/\/importadorarlb.cl\/index.php\/wp-json\/wp\/v2\/product\/467","targetHints":{"allow":["GET"]}}],"collection":[{"href":"https:\/\/importadorarlb.cl\/index.php\/wp-json\/wp\/v2\/product"}],"about":[{"href":"https:\/\/importadorarlb.cl\/index.php\/wp-json\/wp\/v2\/types\/product"}],"wp:featuredmedia":[{"embeddable":true,"href":"https:\/\/importadorarlb.cl\/index.php\/wp-json\/wp\/v2\/media\/445"}],"wp:attachment":[{"href":"https:\/\/importadorarlb.cl\/index.php\/wp-json\/wp\/v2\/media?parent=467"}],"wp:term":[{"taxonomy":"product_cat","embeddable":true,"href":"https:\/\/importadorarlb.cl\/index.php\/wp-json\/wp\/v2\/product_cat?post=467"},{"taxonomy":"product_tag","embeddable":true,"href":"https:\/\/importadorarlb.cl\/index.php\/wp-json\/wp\/v2\/product_tag?post=467"}],"curies":[{"name":"wp","href":"https:\/\/api.w.org\/{rel}","templated":true}]}}