{"id":463,"date":"2026-01-30T17:15:02","date_gmt":"2026-01-30T17:15:02","guid":{"rendered":"https:\/\/importadorarlb.cl\/?post_type=product&#038;p=463"},"modified":"2026-01-30T17:16:24","modified_gmt":"2026-01-30T17:16:24","slug":"palanca-cambio-automatica","status":"publish","type":"product","link":"https:\/\/importadorarlb.cl\/index.php\/producto\/palanca-cambio-automatica\/","title":{"rendered":"PALANCA CAMBIO AUTOMATICA"},"content":{"rendered":"<p data-start=\"241\" data-end=\"762\">La <strong data-start=\"220\" data-end=\"252\">palanca de cambio autom\u00e1tica<\/strong> es un <strong data-start=\"259\" data-end=\"353\">componente esencial del sistema de transmisi\u00f3n de veh\u00edculos con caja de cambios autom\u00e1tica<\/strong>, dise\u00f1ado para permitir al conductor <strong data-start=\"391\" data-end=\"442\">seleccionar las diferentes posiciones de marcha<\/strong> (como <em data-start=\"449\" data-end=\"496\">P \u2013 Park, R \u2013 Reverse, N \u2013 Neutral, D \u2013 Drive<\/em>, y otras seg\u00fan el modelo) de forma <strong data-start=\"532\" data-end=\"564\">ergon\u00f3mica, segura y precisa<\/strong>. Esta palanca combina <strong data-start=\"587\" data-end=\"629\">funcionalidad, ergonom\u00eda y durabilidad<\/strong>, adapt\u00e1ndose a las especificaciones de f\u00e1brica del veh\u00edculo correspondiente.<\/p>\n","protected":false},"excerpt":{"rendered":"<p>MARCA FORD<\/p>\n","protected":false},"featured_media":445,"template":"","meta":{"site-sidebar-layout":"default","site-content-layout":"default","ast-main-header-display":"","ast-hfb-above-header-display":"","ast-hfb-mobile-header-display":"","site-post-title":"","ast-breadcrumbs-content":"","ast-featured-img":"","footer-sml-layout":"","theme-transparent-header-meta":"default","adv-header-id-meta":"","stick-header-meta":"","header-above-stick-meta":"","header-main-stick-meta":"","header-below-stick-meta":""},"product_cat":[29],"product_tag":[],"class_list":["post-463","product","type-product","status-publish","has-post-thumbnail","hentry","product_cat-caja-de-cambios"],"_links":{"self":[{"href":"https:\/\/importadorarlb.cl\/index.php\/wp-json\/wp\/v2\/product\/463","targetHints":{"allow":["GET"]}}],"collection":[{"href":"https:\/\/importadorarlb.cl\/index.php\/wp-json\/wp\/v2\/product"}],"about":[{"href":"https:\/\/importadorarlb.cl\/index.php\/wp-json\/wp\/v2\/types\/product"}],"wp:featuredmedia":[{"embeddable":true,"href":"https:\/\/importadorarlb.cl\/index.php\/wp-json\/wp\/v2\/media\/445"}],"wp:attachment":[{"href":"https:\/\/importadorarlb.cl\/index.php\/wp-json\/wp\/v2\/media?parent=463"}],"wp:term":[{"taxonomy":"product_cat","embeddable":true,"href":"https:\/\/importadorarlb.cl\/index.php\/wp-json\/wp\/v2\/product_cat?post=463"},{"taxonomy":"product_tag","embeddable":true,"href":"https:\/\/importadorarlb.cl\/index.php\/wp-json\/wp\/v2\/product_tag?post=463"}],"curies":[{"name":"wp","href":"https:\/\/api.w.org\/{rel}","templated":true}]}}