{"id":460,"date":"2026-01-30T17:11:15","date_gmt":"2026-01-30T17:11:15","guid":{"rendered":"https:\/\/importadorarlb.cl\/?post_type=product&#038;p=460"},"modified":"2026-01-30T17:13:20","modified_gmt":"2026-01-30T17:13:20","slug":"juego-piola-cavobel","status":"publish","type":"product","link":"https:\/\/importadorarlb.cl\/index.php\/producto\/juego-piola-cavobel\/","title":{"rendered":"JUEGO PIOLA CAVOBEL"},"content":{"rendered":"<p data-start=\"241\" data-end=\"762\">El <strong data-start=\"259\" data-end=\"305\">juego de piolas Cabovel para camiones Ford<\/strong> es un <strong data-start=\"312\" data-end=\"363\">conjunto de cables de mando de alta resistencia<\/strong> dise\u00f1ado para <strong data-start=\"378\" data-end=\"412\">controlar funciones esenciales<\/strong> de la transmisi\u00f3n y otros sistemas mec\u00e1nicos en veh\u00edculos comerciales Ford, tales como camiones de la serie <em data-start=\"521\" data-end=\"528\">Cargo<\/em> y otros modelos pesados. Fabricado con <strong data-start=\"568\" data-end=\"615\">materiales durables y precisi\u00f3n dimensional<\/strong>, este juego de piolas ofrece <strong data-start=\"645\" data-end=\"705\">rendimiento constante, larga vida \u00fatil y ajuste adecuado<\/strong>, contribuyendo a un funcionamiento suave y confiable del veh\u00edculo.<\/p>\n","protected":false},"excerpt":{"rendered":"<p>MARCA FORD<\/p>\n","protected":false},"featured_media":445,"template":"","meta":{"site-sidebar-layout":"default","site-content-layout":"default","ast-main-header-display":"","ast-hfb-above-header-display":"","ast-hfb-mobile-header-display":"","site-post-title":"","ast-breadcrumbs-content":"","ast-featured-img":"","footer-sml-layout":"","theme-transparent-header-meta":"default","adv-header-id-meta":"","stick-header-meta":"","header-above-stick-meta":"","header-main-stick-meta":"","header-below-stick-meta":""},"product_cat":[29],"product_tag":[],"class_list":["post-460","product","type-product","status-publish","has-post-thumbnail","hentry","product_cat-caja-de-cambios"],"_links":{"self":[{"href":"https:\/\/importadorarlb.cl\/index.php\/wp-json\/wp\/v2\/product\/460","targetHints":{"allow":["GET"]}}],"collection":[{"href":"https:\/\/importadorarlb.cl\/index.php\/wp-json\/wp\/v2\/product"}],"about":[{"href":"https:\/\/importadorarlb.cl\/index.php\/wp-json\/wp\/v2\/types\/product"}],"wp:featuredmedia":[{"embeddable":true,"href":"https:\/\/importadorarlb.cl\/index.php\/wp-json\/wp\/v2\/media\/445"}],"wp:attachment":[{"href":"https:\/\/importadorarlb.cl\/index.php\/wp-json\/wp\/v2\/media?parent=460"}],"wp:term":[{"taxonomy":"product_cat","embeddable":true,"href":"https:\/\/importadorarlb.cl\/index.php\/wp-json\/wp\/v2\/product_cat?post=460"},{"taxonomy":"product_tag","embeddable":true,"href":"https:\/\/importadorarlb.cl\/index.php\/wp-json\/wp\/v2\/product_tag?post=460"}],"curies":[{"name":"wp","href":"https:\/\/api.w.org\/{rel}","templated":true}]}}