{"id":438,"date":"2026-01-30T15:38:34","date_gmt":"2026-01-30T15:38:34","guid":{"rendered":"https:\/\/importadorarlb.cl\/?post_type=product&#038;p=438"},"modified":"2026-01-30T17:02:17","modified_gmt":"2026-01-30T17:02:17","slug":"parachoque-bonfanti","status":"publish","type":"product","link":"https:\/\/importadorarlb.cl\/index.php\/producto\/parachoque-bonfanti\/","title":{"rendered":"PARACHOQUE BONFANTI"},"content":{"rendered":"<p data-start=\"241\" data-end=\"762\">El <strong data-start=\"244\" data-end=\"285\">parachoque Bonfanti para modelos Ford<\/strong> es un <strong data-start=\"292\" data-end=\"332\">repuesto alternativo de alta calidad<\/strong> dise\u00f1ado especialmente para adaptarse a diversos veh\u00edculos Ford (como la l\u00ednea de camiones <em data-start=\"424\" data-end=\"431\">Cargo<\/em>) manteniendo <strong data-start=\"445\" data-end=\"494\">las dimensiones y especificaciones de f\u00e1brica<\/strong>. Fabricado por <strong data-start=\"510\" data-end=\"528\">Bonfanti<\/strong>, marca con m\u00e1s de dos d\u00e9cadas de experiencia en repuestos automotrices para veh\u00edculos comerciales y de trabajo, este parachoque ofrece <strong data-start=\"664\" data-end=\"723\">durabilidad, precisi\u00f3n en el ajuste y excelente acabado<\/strong>.<\/p>\n","protected":false},"excerpt":{"rendered":"<p>MARCA FORD<\/p>\n","protected":false},"featured_media":445,"template":"","meta":{"site-sidebar-layout":"default","site-content-layout":"default","ast-main-header-display":"","ast-hfb-above-header-display":"","ast-hfb-mobile-header-display":"","site-post-title":"","ast-breadcrumbs-content":"","ast-featured-img":"","footer-sml-layout":"","theme-transparent-header-meta":"default","adv-header-id-meta":"","stick-header-meta":"","header-above-stick-meta":"","header-main-stick-meta":"","header-below-stick-meta":""},"product_cat":[28],"product_tag":[],"class_list":["post-438","product","type-product","status-publish","has-post-thumbnail","hentry","product_cat-fibra"],"_links":{"self":[{"href":"https:\/\/importadorarlb.cl\/index.php\/wp-json\/wp\/v2\/product\/438","targetHints":{"allow":["GET"]}}],"collection":[{"href":"https:\/\/importadorarlb.cl\/index.php\/wp-json\/wp\/v2\/product"}],"about":[{"href":"https:\/\/importadorarlb.cl\/index.php\/wp-json\/wp\/v2\/types\/product"}],"wp:featuredmedia":[{"embeddable":true,"href":"https:\/\/importadorarlb.cl\/index.php\/wp-json\/wp\/v2\/media\/445"}],"wp:attachment":[{"href":"https:\/\/importadorarlb.cl\/index.php\/wp-json\/wp\/v2\/media?parent=438"}],"wp:term":[{"taxonomy":"product_cat","embeddable":true,"href":"https:\/\/importadorarlb.cl\/index.php\/wp-json\/wp\/v2\/product_cat?post=438"},{"taxonomy":"product_tag","embeddable":true,"href":"https:\/\/importadorarlb.cl\/index.php\/wp-json\/wp\/v2\/product_tag?post=438"}],"curies":[{"name":"wp","href":"https:\/\/api.w.org\/{rel}","templated":true}]}}